{"id":2710,"date":"2025-01-19T21:35:30","date_gmt":"2025-01-19T21:35:30","guid":{"rendered":"https:\/\/fijelaw.fijegroup.com\/?page_id=2710"},"modified":"2025-01-19T23:06:36","modified_gmt":"2025-01-19T23:06:36","slug":"videos-de-coaching","status":"publish","type":"page","link":"https:\/\/fijelaw.fijegroup.com\/index.php\/nos-services\/videos-de-coaching\/","title":{"rendered":"Vid\u00e9os de coaching"},"content":{"rendered":"<style>.kb-row-layout-id2710_086829-10 > .kt-row-column-wrap{align-content:start;}:where(.kb-row-layout-id2710_086829-10 > .kt-row-column-wrap) > .wp-block-kadence-column{justify-content:start;}.kb-row-layout-id2710_086829-10 > .kt-row-column-wrap{column-gap:var(--global-kb-gap-md, 2rem);row-gap:var(--global-kb-gap-md, 2rem);padding-top:var(--global-kb-spacing-xl, 4rem);padding-bottom:var(--global-kb-spacing-sm, 1.5rem);grid-template-columns:minmax(0, 1fr);}.kb-row-layout-id2710_086829-10 > .kt-row-layout-overlay{opacity:0.30;}@media all and (max-width: 1024px){.kb-row-layout-id2710_086829-10 > .kt-row-column-wrap{grid-template-columns:minmax(0, 1fr);}}@media all and (max-width: 767px){.kb-row-layout-id2710_086829-10 > .kt-row-column-wrap{grid-template-columns:minmax(0, 1fr);}}<\/style><div class=\"kb-row-layout-wrap kb-row-layout-id2710_086829-10 alignnone wp-block-kadence-rowlayout\"><div class=\"kt-row-column-wrap kt-has-1-columns kt-row-layout-equal kt-tab-layout-inherit kt-mobile-layout-row kt-row-valign-top\">\n<style>.kadence-column2710_6bc2b9-97 > .kt-inside-inner-col,.kadence-column2710_6bc2b9-97 > .kt-inside-inner-col:before{border-top-left-radius:0px;border-top-right-radius:0px;border-bottom-right-radius:0px;border-bottom-left-radius:0px;}.kadence-column2710_6bc2b9-97 > .kt-inside-inner-col{column-gap:var(--global-kb-gap-sm, 1rem);}.kadence-column2710_6bc2b9-97 > .kt-inside-inner-col{flex-direction:column;}.kadence-column2710_6bc2b9-97 > .kt-inside-inner-col > .aligncenter{width:100%;}.kadence-column2710_6bc2b9-97 > .kt-inside-inner-col:before{opacity:0.3;}.kadence-column2710_6bc2b9-97{position:relative;}@media all and (max-width: 1024px){.kadence-column2710_6bc2b9-97 > .kt-inside-inner-col{flex-direction:column;justify-content:center;}}@media all and (max-width: 767px){.kadence-column2710_6bc2b9-97 > .kt-inside-inner-col{flex-direction:column;justify-content:center;}}<\/style>\n<div class=\"wp-block-kadence-column kadence-column2710_6bc2b9-97\"><div class=\"kt-inside-inner-col\"><\/div><\/div>\n\n<\/div><\/div>\n\n<style>.wp-block-kadence-advancedheading.kt-adv-heading2710_7031d6-70, .wp-block-kadence-advancedheading.kt-adv-heading2710_7031d6-70[data-kb-block=\"kb-adv-heading2710_7031d6-70\"]{font-size:var(--global-kb-font-size-xl, 3rem);font-style:normal;}.wp-block-kadence-advancedheading.kt-adv-heading2710_7031d6-70 mark.kt-highlight, .wp-block-kadence-advancedheading.kt-adv-heading2710_7031d6-70[data-kb-block=\"kb-adv-heading2710_7031d6-70\"] mark.kt-highlight{font-style:normal;color:#f76a0c;-webkit-box-decoration-break:clone;box-decoration-break:clone;padding-top:0px;padding-right:0px;padding-bottom:0px;padding-left:0px;}.wp-block-kadence-advancedheading.kt-adv-heading2710_7031d6-70 img.kb-inline-image, .wp-block-kadence-advancedheading.kt-adv-heading2710_7031d6-70[data-kb-block=\"kb-adv-heading2710_7031d6-70\"] img.kb-inline-image{width:150px;vertical-align:baseline;}<\/style>\n<h2 class=\"kt-adv-heading2710_7031d6-70 wp-block-kadence-advancedheading\" data-kb-block=\"kb-adv-heading2710_7031d6-70\">ENTREE EN FRANCE<\/h2>\n\n\n<style>.kb-row-layout-id2710_801ae8-36 > .kt-row-column-wrap{align-content:start;}:where(.kb-row-layout-id2710_801ae8-36 > .kt-row-column-wrap) > .wp-block-kadence-column{justify-content:start;}.kb-row-layout-id2710_801ae8-36 > .kt-row-column-wrap{column-gap:var(--global-kb-gap-md, 2rem);row-gap:var(--global-kb-gap-md, 2rem);padding-top:var(--global-kb-spacing-sm, 1.5rem);padding-bottom:var(--global-kb-spacing-sm, 1.5rem);grid-template-columns:minmax(0, 1fr);}.kb-row-layout-id2710_801ae8-36 > .kt-row-layout-overlay{opacity:0.30;}@media all and (max-width: 1024px){.kb-row-layout-id2710_801ae8-36 > .kt-row-column-wrap{grid-template-columns:minmax(0, 1fr);}}@media all and (max-width: 767px){.kb-row-layout-id2710_801ae8-36 > .kt-row-column-wrap{grid-template-columns:minmax(0, 1fr);}}<\/style><div class=\"kb-row-layout-wrap kb-row-layout-id2710_801ae8-36 alignnone wp-block-kadence-rowlayout\"><div class=\"kt-row-column-wrap kt-has-1-columns kt-row-layout-equal kt-tab-layout-inherit kt-mobile-layout-row kt-row-valign-top\">\n<style>.kadence-column2710_255880-b4 > .kt-inside-inner-col,.kadence-column2710_255880-b4 > .kt-inside-inner-col:before{border-top-left-radius:0px;border-top-right-radius:0px;border-bottom-right-radius:0px;border-bottom-left-radius:0px;}.kadence-column2710_255880-b4 > .kt-inside-inner-col{column-gap:var(--global-kb-gap-sm, 1rem);}.kadence-column2710_255880-b4 > .kt-inside-inner-col{flex-direction:column;}.kadence-column2710_255880-b4 > .kt-inside-inner-col > .aligncenter{width:100%;}.kadence-column2710_255880-b4 > .kt-inside-inner-col:before{opacity:0.3;}.kadence-column2710_255880-b4{position:relative;}@media all and (max-width: 1024px){.kadence-column2710_255880-b4 > .kt-inside-inner-col{flex-direction:column;justify-content:center;}}@media all and (max-width: 767px){.kadence-column2710_255880-b4 > .kt-inside-inner-col{flex-direction:column;justify-content:center;}}<\/style>\n<div class=\"wp-block-kadence-column kadence-column2710_255880-b4\"><div class=\"kt-inside-inner-col\"><\/div><\/div>\n\n<\/div><\/div>\n\n<style>.wp-block-kadence-advancedheading.kt-adv-heading2710_220dcf-72, .wp-block-kadence-advancedheading.kt-adv-heading2710_220dcf-72[data-kb-block=\"kb-adv-heading2710_220dcf-72\"]{font-size:var(--global-kb-font-size-xl, 3rem);font-style:normal;}.wp-block-kadence-advancedheading.kt-adv-heading2710_220dcf-72 mark.kt-highlight, .wp-block-kadence-advancedheading.kt-adv-heading2710_220dcf-72[data-kb-block=\"kb-adv-heading2710_220dcf-72\"] mark.kt-highlight{font-style:normal;color:#f76a0c;-webkit-box-decoration-break:clone;box-decoration-break:clone;padding-top:0px;padding-right:0px;padding-bottom:0px;padding-left:0px;}.wp-block-kadence-advancedheading.kt-adv-heading2710_220dcf-72 img.kb-inline-image, .wp-block-kadence-advancedheading.kt-adv-heading2710_220dcf-72[data-kb-block=\"kb-adv-heading2710_220dcf-72\"] img.kb-inline-image{width:150px;vertical-align:baseline;}<\/style>\n<h2 class=\"kt-adv-heading2710_220dcf-72 wp-block-kadence-advancedheading\" data-kb-block=\"kb-adv-heading2710_220dcf-72\">SEJOUR EN FRANCE<\/h2>\n\n\n<style>.kb-row-layout-id2710_d21a45-6d > .kt-row-column-wrap{align-content:start;}:where(.kb-row-layout-id2710_d21a45-6d > .kt-row-column-wrap) > .wp-block-kadence-column{justify-content:start;}.kb-row-layout-id2710_d21a45-6d > .kt-row-column-wrap{column-gap:var(--global-kb-gap-md, 2rem);row-gap:var(--global-kb-gap-md, 2rem);padding-top:var(--global-kb-spacing-sm, 1.5rem);padding-bottom:var(--global-kb-spacing-sm, 1.5rem);grid-template-columns:repeat(2, minmax(0, 1fr));}.kb-row-layout-id2710_d21a45-6d > .kt-row-layout-overlay{opacity:0.30;}@media all and (max-width: 1024px){.kb-row-layout-id2710_d21a45-6d > .kt-row-column-wrap{grid-template-columns:repeat(2, minmax(0, 1fr));}}@media all and (max-width: 767px){.kb-row-layout-id2710_d21a45-6d > .kt-row-column-wrap{grid-template-columns:minmax(0, 1fr);}}<\/style><div class=\"kb-row-layout-wrap kb-row-layout-id2710_d21a45-6d alignnone wp-block-kadence-rowlayout\"><div class=\"kt-row-column-wrap kt-has-2-columns kt-row-layout-equal kt-tab-layout-inherit kt-mobile-layout-row kt-row-valign-top\">\n<style>.kadence-column2710_5a8236-42 > .kt-inside-inner-col,.kadence-column2710_5a8236-42 > .kt-inside-inner-col:before{border-top-left-radius:0px;border-top-right-radius:0px;border-bottom-right-radius:0px;border-bottom-left-radius:0px;}.kadence-column2710_5a8236-42 > .kt-inside-inner-col{column-gap:var(--global-kb-gap-sm, 1rem);}.kadence-column2710_5a8236-42 > .kt-inside-inner-col{flex-direction:column;}.kadence-column2710_5a8236-42 > .kt-inside-inner-col > .aligncenter{width:100%;}.kadence-column2710_5a8236-42 > .kt-inside-inner-col:before{opacity:0.3;}.kadence-column2710_5a8236-42{position:relative;}@media all and (max-width: 1024px){.kadence-column2710_5a8236-42 > .kt-inside-inner-col{flex-direction:column;justify-content:center;}}@media all and (max-width: 767px){.kadence-column2710_5a8236-42 > .kt-inside-inner-col{flex-direction:column;justify-content:center;}}<\/style>\n<div class=\"wp-block-kadence-column kadence-column2710_5a8236-42\"><div class=\"kt-inside-inner-col\">\n<figure class=\"wp-block-embed is-type-video is-provider-youtube wp-block-embed-youtube wp-embed-aspect-16-9 wp-has-aspect-ratio\"><div class=\"wp-block-embed__wrapper\">\n<iframe title=\"TITRES DE SEJOUR EN FRANCE\" width=\"720\" height=\"405\" src=\"https:\/\/www.youtube.com\/embed\/S-jYoB_CS6I?feature=oembed\" frameborder=\"0\" allow=\"accelerometer; autoplay; clipboard-write; encrypted-media; gyroscope; picture-in-picture; web-share\" referrerpolicy=\"strict-origin-when-cross-origin\" allowfullscreen><\/iframe>\n<\/div><\/figure>\n<\/div><\/div>\n\n\n<style>.kadence-column2710_3c2ebe-4e > .kt-inside-inner-col,.kadence-column2710_3c2ebe-4e > .kt-inside-inner-col:before{border-top-left-radius:0px;border-top-right-radius:0px;border-bottom-right-radius:0px;border-bottom-left-radius:0px;}.kadence-column2710_3c2ebe-4e > .kt-inside-inner-col{column-gap:var(--global-kb-gap-sm, 1rem);}.kadence-column2710_3c2ebe-4e > .kt-inside-inner-col{flex-direction:column;}.kadence-column2710_3c2ebe-4e > .kt-inside-inner-col > .aligncenter{width:100%;}.kadence-column2710_3c2ebe-4e > .kt-inside-inner-col:before{opacity:0.3;}.kadence-column2710_3c2ebe-4e{position:relative;}@media all and (max-width: 1024px){.kadence-column2710_3c2ebe-4e > .kt-inside-inner-col{flex-direction:column;justify-content:center;}}@media all and (max-width: 767px){.kadence-column2710_3c2ebe-4e > .kt-inside-inner-col{flex-direction:column;justify-content:center;}}<\/style>\n<div class=\"wp-block-kadence-column kadence-column2710_3c2ebe-4e\"><div class=\"kt-inside-inner-col\">\n<div class=\"wp-block-group is-nowrap is-layout-flex wp-container-core-group-is-layout-2 wp-block-group-is-layout-flex\">\n<div class=\"wp-block-group is-vertical is-layout-flex wp-container-core-group-is-layout-1 wp-block-group-is-layout-flex\"><style>.wp-block-kadence-advancedheading.kt-adv-heading2710_bbffda-42, .wp-block-kadence-advancedheading.kt-adv-heading2710_bbffda-42[data-kb-block=\"kb-adv-heading2710_bbffda-42\"]{font-style:normal;}.wp-block-kadence-advancedheading.kt-adv-heading2710_bbffda-42 mark.kt-highlight, .wp-block-kadence-advancedheading.kt-adv-heading2710_bbffda-42[data-kb-block=\"kb-adv-heading2710_bbffda-42\"] mark.kt-highlight{font-style:normal;color:#f76a0c;-webkit-box-decoration-break:clone;box-decoration-break:clone;padding-top:0px;padding-right:0px;padding-bottom:0px;padding-left:0px;}.wp-block-kadence-advancedheading.kt-adv-heading2710_bbffda-42 img.kb-inline-image, .wp-block-kadence-advancedheading.kt-adv-heading2710_bbffda-42[data-kb-block=\"kb-adv-heading2710_bbffda-42\"] img.kb-inline-image{width:150px;vertical-align:baseline;}<\/style>\n<h2 class=\"kt-adv-heading2710_bbffda-42 wp-block-kadence-advancedheading\" data-kb-block=\"kb-adv-heading2710_bbffda-42\">JOUR DE CLASSE sp\u00e9cial titre de s\u00e9jour en France<\/h2>\n\n\n\n<p><strong>Comment ca fonctionne globalement un titre de s\u00e9jour en France. <\/strong><\/p>\n\n\n\n<ul class=\"wp-block-list\">\n<li><strong>La question<\/strong> <strong>du lien avec la France. <\/strong><\/li>\n\n\n\n<li><strong>la question des proc\u00e9dures classiques d\u00e9rogatoires ou exceptionnelles. <\/strong><\/li>\n\n\n\n<li><strong>La question du changement de statut.<\/strong> <\/li>\n<\/ul>\n\n\n\n<p><strong>Bon visionnage et n&rsquo;oubliez pas : JESUS est DIEU<\/strong> !!!<\/p>\n\n\n\n<p><strong> <\/strong><\/p>\n<\/div>\n<\/div>\n<\/div><\/div>\n\n<\/div><\/div>\n\n<style>.kb-row-layout-id2710_9e5320-99 > .kt-row-column-wrap{align-content:start;}:where(.kb-row-layout-id2710_9e5320-99 > .kt-row-column-wrap) > .wp-block-kadence-column{justify-content:start;}.kb-row-layout-id2710_9e5320-99 > .kt-row-column-wrap{column-gap:var(--global-kb-gap-md, 2rem);row-gap:var(--global-kb-gap-md, 2rem);padding-top:var(--global-kb-spacing-sm, 1.5rem);padding-bottom:var(--global-kb-spacing-sm, 1.5rem);grid-template-columns:minmax(0, 1fr);}.kb-row-layout-id2710_9e5320-99 > .kt-row-layout-overlay{opacity:0.30;}@media all and (max-width: 1024px){.kb-row-layout-id2710_9e5320-99 > .kt-row-column-wrap{grid-template-columns:minmax(0, 1fr);}}@media all and (max-width: 767px){.kb-row-layout-id2710_9e5320-99 > .kt-row-column-wrap{grid-template-columns:minmax(0, 1fr);}}<\/style><div class=\"kb-row-layout-wrap kb-row-layout-id2710_9e5320-99 alignnone wp-block-kadence-rowlayout\"><div class=\"kt-row-column-wrap kt-has-1-columns kt-row-layout-equal kt-tab-layout-inherit kt-mobile-layout-row kt-row-valign-top\">\n<style>.kadence-column2710_4f25d0-6e > .kt-inside-inner-col,.kadence-column2710_4f25d0-6e > .kt-inside-inner-col:before{border-top-left-radius:0px;border-top-right-radius:0px;border-bottom-right-radius:0px;border-bottom-left-radius:0px;}.kadence-column2710_4f25d0-6e > .kt-inside-inner-col{column-gap:var(--global-kb-gap-sm, 1rem);}.kadence-column2710_4f25d0-6e > .kt-inside-inner-col{flex-direction:column;}.kadence-column2710_4f25d0-6e > .kt-inside-inner-col > .aligncenter{width:100%;}.kadence-column2710_4f25d0-6e > .kt-inside-inner-col:before{opacity:0.3;}.kadence-column2710_4f25d0-6e{position:relative;}@media all and (max-width: 1024px){.kadence-column2710_4f25d0-6e > .kt-inside-inner-col{flex-direction:column;justify-content:center;}}@media all and (max-width: 767px){.kadence-column2710_4f25d0-6e > .kt-inside-inner-col{flex-direction:column;justify-content:center;}}<\/style>\n<div class=\"wp-block-kadence-column kadence-column2710_4f25d0-6e\"><div class=\"kt-inside-inner-col\"><\/div><\/div>\n\n<\/div><\/div>\n\n<style>.wp-block-kadence-advancedheading.kt-adv-heading2710_d247a3-73, .wp-block-kadence-advancedheading.kt-adv-heading2710_d247a3-73[data-kb-block=\"kb-adv-heading2710_d247a3-73\"]{font-size:var(--global-kb-font-size-xl, 3rem);font-style:normal;}.wp-block-kadence-advancedheading.kt-adv-heading2710_d247a3-73 mark.kt-highlight, .wp-block-kadence-advancedheading.kt-adv-heading2710_d247a3-73[data-kb-block=\"kb-adv-heading2710_d247a3-73\"] mark.kt-highlight{font-style:normal;color:#f76a0c;-webkit-box-decoration-break:clone;box-decoration-break:clone;padding-top:0px;padding-right:0px;padding-bottom:0px;padding-left:0px;}.wp-block-kadence-advancedheading.kt-adv-heading2710_d247a3-73 img.kb-inline-image, .wp-block-kadence-advancedheading.kt-adv-heading2710_d247a3-73[data-kb-block=\"kb-adv-heading2710_d247a3-73\"] img.kb-inline-image{width:150px;vertical-align:baseline;}<\/style>\n<h2 class=\"kt-adv-heading2710_d247a3-73 wp-block-kadence-advancedheading\" data-kb-block=\"kb-adv-heading2710_d247a3-73\">SORTIE CONTENTIEUSE DE FRANCE<\/h2>\n\n\n\n<p><\/p>\n","protected":false},"excerpt":{"rendered":"<p>ENTREE EN FRANCE SEJOUR EN FRANCE JOUR DE CLASSE sp\u00e9cial titre de s\u00e9jour en France Comment ca fonctionne globalement un titre de s\u00e9jour en France. Bon visionnage et n&rsquo;oubliez pas&#8230;<\/p>\n","protected":false},"author":1,"featured_media":0,"parent":2535,"menu_order":2,"comment_status":"closed","ping_status":"closed","template":"","meta":{"_EventAllDay":false,"_EventTimezone":"","_EventStartDate":"","_EventEndDate":"","_EventStartDateUTC":"","_EventEndDateUTC":"","_EventShowMap":false,"_EventShowMapLink":false,"_EventURL":"","_EventCost":"","_EventCostDescription":"","_EventCurrencySymbol":"","_EventCurrencyCode":"","_EventCurrencyPosition":"","_EventDateTimeSeparator":"","_EventTimeRangeSeparator":"","_EventOrganizerID":[],"_EventVenueID":[],"_OrganizerEmail":"","_OrganizerPhone":"","_OrganizerWebsite":"","_VenueAddress":"","_VenueCity":"","_VenueCountry":"","_VenueProvince":"","_VenueState":"","_VenueZip":"","_VenuePhone":"","_VenueURL":"","_VenueStateProvince":"","_VenueLat":"","_VenueLng":"","_VenueShowMap":false,"_VenueShowMapLink":false,"_kadence_starter_templates_imported_post":false,"_kad_post_transparent":"","_kad_post_title":"","_kad_post_layout":"","_kad_post_sidebar_id":"","_kad_post_content_style":"","_kad_post_vertical_padding":"","_kad_post_feature":"","_kad_post_feature_position":"","_kad_post_header":false,"_kad_post_footer":false,"footnotes":""},"class_list":["post-2710","page","type-page","status-publish","hentry"],"_links":{"self":[{"href":"https:\/\/fijelaw.fijegroup.com\/index.php\/wp-json\/wp\/v2\/pages\/2710","targetHints":{"allow":["GET"]}}],"collection":[{"href":"https:\/\/fijelaw.fijegroup.com\/index.php\/wp-json\/wp\/v2\/pages"}],"about":[{"href":"https:\/\/fijelaw.fijegroup.com\/index.php\/wp-json\/wp\/v2\/types\/page"}],"author":[{"embeddable":true,"href":"https:\/\/fijelaw.fijegroup.com\/index.php\/wp-json\/wp\/v2\/users\/1"}],"replies":[{"embeddable":true,"href":"https:\/\/fijelaw.fijegroup.com\/index.php\/wp-json\/wp\/v2\/comments?post=2710"}],"version-history":[{"count":7,"href":"https:\/\/fijelaw.fijegroup.com\/index.php\/wp-json\/wp\/v2\/pages\/2710\/revisions"}],"predecessor-version":[{"id":2735,"href":"https:\/\/fijelaw.fijegroup.com\/index.php\/wp-json\/wp\/v2\/pages\/2710\/revisions\/2735"}],"up":[{"embeddable":true,"href":"https:\/\/fijelaw.fijegroup.com\/index.php\/wp-json\/wp\/v2\/pages\/2535"}],"wp:attachment":[{"href":"https:\/\/fijelaw.fijegroup.com\/index.php\/wp-json\/wp\/v2\/media?parent=2710"}],"curies":[{"name":"wp","href":"https:\/\/api.w.org\/{rel}","templated":true}]}}